{"id":750,"date":"2018-12-17T10:56:33","date_gmt":"2018-12-17T09:56:33","guid":{"rendered":"http:\/\/www.sentinel-max.hu\/?page_id=750"},"modified":"2025-02-19T15:17:43","modified_gmt":"2025-02-19T14:17:43","slug":"vodeos-tavfelugyeleti-rendszer","status":"publish","type":"page","link":"https:\/\/www.sentinel-max.hu\/?page_id=750","title":{"rendered":"Vide\u00f3s t\u00e1vfel\u00fcgyeleti rendszer"},"content":{"rendered":"\t\t<div data-elementor-type=\"wp-page\" data-elementor-id=\"750\" class=\"elementor elementor-750\">\n\t\t\t\t<div class=\"elementor-element elementor-element-4fe19a0 e-con-full e-flex wpr-particle-no wpr-jarallax-no wpr-parallax-no wpr-sticky-section-no wpr-equal-height-no e-con e-parent\" data-id=\"4fe19a0\" data-element_type=\"container\" data-e-type=\"container\">\n\t\t<div class=\"elementor-element elementor-element-ba22cab e-flex e-con-boxed wpr-particle-no wpr-jarallax-no wpr-parallax-no wpr-sticky-section-no wpr-equal-height-no e-con e-child\" data-id=\"ba22cab\" data-element_type=\"container\" data-e-type=\"container\" data-settings=\"{&quot;background_background&quot;:&quot;classic&quot;}\">\n\t\t\t\t\t<div class=\"e-con-inner\">\n\t\t\t\t<div class=\"elementor-element elementor-element-3a8e139 elementor-widget elementor-widget-heading\" data-id=\"3a8e139\" data-element_type=\"widget\" data-e-type=\"widget\" data-widget_type=\"heading.default\">\n\t\t\t\t<div class=\"elementor-widget-container\">\n\t\t\t\t\t<h2 class=\"elementor-heading-title elementor-size-default\">Vide\u00f3rendszerek T\u00e1vfel\u00fcgyelete<\/h2>\t\t\t\t<\/div>\n\t\t\t\t<\/div>\n\t\t\t\t\t<\/div>\n\t\t\t\t<\/div>\n\t\t\t\t<\/div>\n\t\t<div class=\"elementor-element elementor-element-7cceb141 e-flex e-con-boxed wpr-particle-no wpr-jarallax-no wpr-parallax-no wpr-sticky-section-no wpr-equal-height-no e-con e-parent\" data-id=\"7cceb141\" data-element_type=\"container\" data-e-type=\"container\">\n\t\t\t\t\t<div class=\"e-con-inner\">\n\t\t\t\t<div class=\"elementor-element elementor-element-60590de8 elementor-widget elementor-widget-text-editor\" data-id=\"60590de8\" data-element_type=\"widget\" data-e-type=\"widget\" data-widget_type=\"text-editor.default\">\n\t\t\t\t<div class=\"elementor-widget-container\">\n\t\t\t\t\t\t\t\t\t\n<p>A technika gyors fejl\u0151d\u00e9s\u00e9nek k\u00f6sz\u00f6nhet\u0151en, ma m\u00e1r el\u00e9rhet\u0151 egy olyan szolg\u00e1ltat\u00e1s, amellyel a vil\u00e1g b\u00e1rmely pontj\u00e1r\u00f3l megtekinthetj\u00fck otthonunkat, \u00fczlet\u00fcnket vagy ak\u00e1r telephely\u00fcnket is.<\/p>\n\n<p>Ehhez sz\u00fcks\u00e9ges elhelyezn\u00fcnk \u00d6nn\u00e9l egy digit\u00e1lis video r\u00f6gz\u00edt\u0151t (DVR, NVR), \u00e9s ig\u00e9ny szerint kamer\u00e1kat. Az \u00e9l\u0151k\u00e9peket egy monitoron tekinthetj\u00fck meg, a r\u00f6gz\u00edt\u00e9s merevlemezre t\u00f6rt\u00e9nik.<\/p>\n\n<p>A Vide\u00f3-t\u00e1vfel\u00fcgyelethez sz\u00fcks\u00e9ges az objektumban telep\u00edtett kamer\u00e1s rendszer mellett, megfelel\u0151 internetkapcsolat, ki\u00e9p\u00edtett riaszt\u00f3rendszer, t\u00e1vfel\u00fcgyelettel.<\/p>\n\n<p>A kamerak\u00e9p nem ker\u00fcl folyamatos figyel\u00e9sre. A telep\u00edtett biztons\u00e1gi rendszerek adnak jelz\u00e9st a diszp\u00e9cserszolg\u00e1latnak, aki gyorsan meg tudja tekinteni \u00e9s a l\u00e1tottak alapj\u00e1n kezdheti meg a sz\u00fcks\u00e9ges l\u00e9p\u00e9seket. Meg tudja p\u00e9ld\u00e1ul \u00e1llap\u00edtani, hogy val\u00f3s vagy t\u00e9ves riaszt\u00e1sr\u00f3l van sz\u00f3 \u00e9s ezek alapj\u00e1n ind\u00edthatja a kivonul\u00f3 j\u00e1r\u0151rszolg\u00e1latot a helysz\u00ednre vagy \u00e9rtes\u00edtheti az illet\u00e9kes hat\u00f3s\u00e1got.<\/p>\n\n<p><strong>A Vide\u00f3-t\u00e1vfel\u00fcgyelet el\u0151nyei:<\/strong><\/p>\n\n<p>A kamer\u00e1s rendszerrel megoldhat\u00f3, hogy egyetlen szem\u00e9ly t\u00f6bb telephelyet is figyelni tudjon \u00fagy, mint ha jelen lenne mindegyik helyen. \u00cdgy ak\u00e1r megsp\u00f3rolhatja az \u00e9l\u0151er\u0151s \u0151rz\u00e9s k\u00f6lts\u00e9geit.<\/p>\n\n<p>A kivonul\u00f3 szolg\u00e1latnak seg\u00edt az int\u00e9zked\u00e9sben, mivel k\u00e9pet kap a helysz\u00ednen t\u00f6rt\u00e9nt esem\u00e9nyr\u0151l: pl. fegyveres rabl\u00e1sn\u00e1l p\u00e1nik gombbal kiv\u00e1ltott riaszt\u00e1s eset\u00e9n a diszp\u00e9cser k\u00f6zpontban megjelen\u0151 k\u00e9p alapj\u00e1n a diszp\u00e9cser jobban fel tudja m\u00e9rni a helyzetet \u00e9s hat\u00e9konyabban tud int\u00e9zkedni.<\/p>\n\n<p class=\"has-text-align-center\">Az \u00dcgyfeleink adatait bizalmasan kezelj\u00fck!<\/p>\n\t\t\t\t\t\t\t\t<\/div>\n\t\t\t\t<\/div>\n\t\t\t\t\t<\/div>\n\t\t\t\t<\/div>\n\t\t<div class=\"elementor-element elementor-element-87204f8 e-flex e-con-boxed wpr-particle-no wpr-jarallax-no wpr-parallax-no wpr-sticky-section-no wpr-equal-height-no e-con e-parent\" data-id=\"87204f8\" data-element_type=\"container\" data-e-type=\"container\">\n\t\t\t\t\t<div class=\"e-con-inner\">\n\t\t\t\t<div class=\"elementor-element elementor-element-a9643b6 wpr-grid-slider-columns-2 wpr-grid-slider-columns--laptop2 wpr-grid-slider-columns--tablet2 wpr-grid-slider-columns--mobile1 wpr-grid-slider-dots-horizontal wpr-item-styles-inner elementor-widget elementor-widget-wpr-grid\" data-id=\"a9643b6\" data-element_type=\"widget\" data-e-type=\"widget\" data-settings=\"{&quot;layout_slider_amount&quot;:&quot;2&quot;,&quot;layout_slider_amount_laptop&quot;:2,&quot;layout_slider_amount_tablet&quot;:2,&quot;layout_slider_amount_mobile&quot;:1,&quot;layout_slides_to_scroll&quot;:1,&quot;layout_slider_loop&quot;:&quot;yes&quot;}\" data-widget_type=\"wpr-grid.default\">\n\t\t\t\t<div class=\"elementor-widget-container\">\n\t\t\t\t\t<section class=\"wpr-grid elementor-clearfix\" dir=\"ltr\" data-slick=\"{&quot;rtl&quot;:false,&quot;infinite&quot;:true,&quot;speed&quot;:700,&quot;arrows&quot;:true,&quot;dots&quot;:true,&quot;autoplay&quot;:false,&quot;autoplaySpeed&quot;:1000,&quot;pauseOnHover&quot;:&quot;&quot;,&quot;prevArrow&quot;:&quot;#wpr-grid-slider-prev-a9643b6&quot;,&quot;nextArrow&quot;:&quot;#wpr-grid-slider-next-a9643b6&quot;,&quot;sliderSlidesToScroll&quot;:1,&quot;lightbox&quot;:{&quot;selector&quot;:&quot;article:not(.slick-cloned) .wpr-grid-image-wrap&quot;,&quot;iframeMaxWidth&quot;:&quot;60%&quot;,&quot;hash&quot;:false,&quot;autoplay&quot;:&quot;true&quot;,&quot;pause&quot;:5000,&quot;progressBar&quot;:&quot;true&quot;,&quot;counter&quot;:&quot;true&quot;,&quot;controls&quot;:&quot;true&quot;,&quot;getCaptionFromTitleOrAlt&quot;:&quot;true&quot;,&quot;thumbnail&quot;:&quot;&quot;,&quot;showThumbByDefault&quot;:&quot;&quot;,&quot;share&quot;:&quot;&quot;,&quot;zoom&quot;:&quot;true&quot;,&quot;fullScreen&quot;:&quot;true&quot;,&quot;download&quot;:&quot;true&quot;}}\"><article class=\"wpr-grid-item elementor-clearfix post-1905 post type-post status-publish format-standard has-post-thumbnail hentry category-cctv\"><div class=\"wpr-grid-item-inner\"><div class=\"wpr-grid-media-wrap wpr-effect-size-medium \" data-overlay-link=\"yes\"><div class=\"wpr-grid-image-wrap\" data-src=\"https:\/\/www.sentinel-max.hu\/wp-content\/uploads\/2025\/02\/og-image.camera-security-v2.jpg\" data-img-on-hover=\"\"  data-src-secondary=\"\"><img decoding=\"async\" data-no-lazy=\"1\" src=\"https:\/\/www.sentinel-max.hu\/wp-content\/uploads\/2025\/02\/og-image.camera-security-v2.jpg\" alt=\"UniFi Protect kamerarendszer\" class=\"wpr-anim-timing-ease-default\"><\/div><div class=\"wpr-grid-media-hover wpr-animation-wrap\"><div class=\"wpr-grid-media-hover-bg  wpr-overlay-fade-in wpr-anim-size-large wpr-anim-timing-ease-default wpr-anim-transparency\" data-url=\"https:\/\/www.sentinel-max.hu\/?p=1905\"><\/div><\/div><\/div><div class=\"wpr-grid-item-below-content elementor-clearfix\"><h2 class=\"wpr-grid-item-title elementor-repeater-item-b93f194 wpr-grid-item-display-block wpr-grid-item-align-left wpr-pointer-none wpr-pointer-line-fx wpr-pointer-fx-fade\"><div class=\"inner-block\"><a target=\"_self\"  href=\"https:\/\/www.sentinel-max.hu\/?p=1905\">UniFi Protect kamerarendszer<\/a><\/div><\/h2><\/div><\/div><\/article><article class=\"wpr-grid-item elementor-clearfix post-1902 post type-post status-publish format-standard has-post-thumbnail hentry category-cctv\"><div class=\"wpr-grid-item-inner\"><div class=\"wpr-grid-media-wrap wpr-effect-size-medium \" data-overlay-link=\"yes\"><div class=\"wpr-grid-image-wrap\" data-src=\"https:\/\/www.sentinel-max.hu\/wp-content\/uploads\/2025\/02\/banner.jpg\" data-img-on-hover=\"\"  data-src-secondary=\"\"><img decoding=\"async\" data-no-lazy=\"1\" src=\"https:\/\/www.sentinel-max.hu\/wp-content\/uploads\/2025\/02\/banner.jpg\" alt=\"Hikvision kamerarendszerek\" class=\"wpr-anim-timing-ease-default\"><\/div><div class=\"wpr-grid-media-hover wpr-animation-wrap\"><div class=\"wpr-grid-media-hover-bg  wpr-overlay-fade-in wpr-anim-size-large wpr-anim-timing-ease-default wpr-anim-transparency\" data-url=\"https:\/\/www.sentinel-max.hu\/?p=1902\"><\/div><\/div><\/div><div class=\"wpr-grid-item-below-content elementor-clearfix\"><h2 class=\"wpr-grid-item-title elementor-repeater-item-b93f194 wpr-grid-item-display-block wpr-grid-item-align-left wpr-pointer-none wpr-pointer-line-fx wpr-pointer-fx-fade\"><div class=\"inner-block\"><a target=\"_self\"  href=\"https:\/\/www.sentinel-max.hu\/?p=1902\">Hikvision kamerarendszerek<\/a><\/div><\/h2><\/div><\/div><\/article><\/section><div class=\"wpr-grid-slider-arrow-container\"><div class=\"wpr-grid-slider-prev-arrow wpr-grid-slider-arrow\" id=\"wpr-grid-slider-prev-a9643b6\"><svg version=\"1.1\" xmlns=\"http:\/\/www.w3.org\/2000\/svg\" xmlns:xlink=\"http:\/\/www.w3.org\/1999\/xlink\" x=\"0px\" y=\"0px\" viewBox=\"0 0 283.4 512\" style=\"enable-background:new 0 0 283.4 512;\" xml:space=\"preserve\"><g><polygon class=\"st0\" points=\"54.5,256.3 283.4,485.1 256.1,512.5 0,256.3 0,256.3 27.2,229 256.1,0 283.4,27.4 \"\/><\/g><\/svg><\/div><div class=\"wpr-grid-slider-next-arrow wpr-grid-slider-arrow\" id=\"wpr-grid-slider-next-a9643b6\"><svg version=\"1.1\" xmlns=\"http:\/\/www.w3.org\/2000\/svg\" xmlns:xlink=\"http:\/\/www.w3.org\/1999\/xlink\" x=\"0px\" y=\"0px\" viewBox=\"0 0 283.4 512\" style=\"enable-background:new 0 0 283.4 512;\" xml:space=\"preserve\"><g><polygon class=\"st0\" points=\"54.5,256.3 283.4,485.1 256.1,512.5 0,256.3 0,256.3 27.2,229 256.1,0 283.4,27.4 \"\/><\/g><\/svg><\/div><\/div><div class=\"wpr-grid-slider-dots\"><\/div>\t\t\t\t<\/div>\n\t\t\t\t<\/div>\n\t\t\t\t\t<\/div>\n\t\t\t\t<\/div>\n\t\t\t\t<\/div>\n\t\t","protected":false},"excerpt":{"rendered":"<p>Vide\u00f3rendszerek T\u00e1vfel\u00fcgyelete A technika gyors fejl\u0151d\u00e9s\u00e9nek k\u00f6sz\u00f6nhet\u0151en, ma m\u00e1r el\u00e9rhet\u0151 egy olyan szolg\u00e1ltat\u00e1s, amellyel a vil\u00e1g b\u00e1rmely pontj\u00e1r\u00f3l megtekinthetj\u00fck otthonunkat, \u00fczlet\u00fcnket vagy ak\u00e1r telephely\u00fcnket is. Ehhez sz\u00fcks\u00e9ges elhelyezn\u00fcnk \u00d6nn\u00e9l egy digit\u00e1lis video r\u00f6gz\u00edt\u0151t (DVR, NVR), \u00e9s ig\u00e9ny szerint kamer\u00e1kat. Az \u00e9l\u0151k\u00e9peket egy monitoron tekinthetj\u00fck meg, a r\u00f6gz\u00edt\u00e9s merevlemezre t\u00f6rt\u00e9nik. A Vide\u00f3-t\u00e1vfel\u00fcgyelethez sz\u00fcks\u00e9ges az objektumban telep\u00edtett kamer\u00e1s rendszer mellett, megfelel\u0151 internetkapcsolat, ki\u00e9p\u00edtett riaszt\u00f3rendszer, t\u00e1vfel\u00fcgyelettel. A kamerak\u00e9p nem ker\u00fcl folyamatos figyel\u00e9sre. A telep\u00edtett biztons\u00e1gi rendszerek adnak jelz\u00e9st a diszp\u00e9cserszolg\u00e1latnak, aki gyorsan meg tudja tekinteni \u00e9s a l\u00e1tottak alapj\u00e1n kezdheti meg a sz\u00fcks\u00e9ges l\u00e9p\u00e9seket. Meg tudja p\u00e9ld\u00e1ul \u00e1llap\u00edtani, hogy val\u00f3s vagy t\u00e9ves riaszt\u00e1sr\u00f3l van sz\u00f3 \u00e9s ezek alapj\u00e1n ind\u00edthatja a kivonul\u00f3 j\u00e1r\u0151rszolg\u00e1latot a helysz\u00ednre vagy \u00e9rtes\u00edtheti az illet\u00e9kes hat\u00f3s\u00e1got. A Vide\u00f3-t\u00e1vfel\u00fcgyelet el\u0151nyei: A kamer\u00e1s rendszerrel megoldhat\u00f3, hogy egyetlen szem\u00e9ly t\u00f6bb telephelyet is figyelni tudjon \u00fagy, mint ha jelen lenne mindegyik helyen. \u00cdgy ak\u00e1r megsp\u00f3rolhatja az \u00e9l\u0151er\u0151s \u0151rz\u00e9s k\u00f6lts\u00e9geit. A kivonul\u00f3 szolg\u00e1latnak seg\u00edt az int\u00e9zked\u00e9sben, mivel k\u00e9pet kap a helysz\u00ednen t\u00f6rt\u00e9nt esem\u00e9nyr\u0151l: pl. fegyveres rabl\u00e1sn\u00e1l p\u00e1nik gombbal kiv\u00e1ltott riaszt\u00e1s eset\u00e9n a diszp\u00e9cser k\u00f6zpontban megjelen\u0151 k\u00e9p alapj\u00e1n a diszp\u00e9cser jobban fel tudja m\u00e9rni a helyzetet \u00e9s hat\u00e9konyabban tud int\u00e9zkedni. Az \u00dcgyfeleink adatait bizalmasan kezelj\u00fck! UniFi Protect kamerarendszer Hikvision kamerarendszerek<\/p>\n","protected":false},"author":1,"featured_media":0,"parent":0,"menu_order":0,"comment_status":"closed","ping_status":"closed","template":"elementor_canvas","meta":{"_themeisle_gutenberg_block_has_review":false,"footnotes":""},"class_list":["post-750","page","type-page","status-publish","hentry"],"_links":{"self":[{"href":"https:\/\/www.sentinel-max.hu\/index.php?rest_route=\/wp\/v2\/pages\/750","targetHints":{"allow":["GET"]}}],"collection":[{"href":"https:\/\/www.sentinel-max.hu\/index.php?rest_route=\/wp\/v2\/pages"}],"about":[{"href":"https:\/\/www.sentinel-max.hu\/index.php?rest_route=\/wp\/v2\/types\/page"}],"author":[{"embeddable":true,"href":"https:\/\/www.sentinel-max.hu\/index.php?rest_route=\/wp\/v2\/users\/1"}],"replies":[{"embeddable":true,"href":"https:\/\/www.sentinel-max.hu\/index.php?rest_route=%2Fwp%2Fv2%2Fcomments&post=750"}],"version-history":[{"count":13,"href":"https:\/\/www.sentinel-max.hu\/index.php?rest_route=\/wp\/v2\/pages\/750\/revisions"}],"predecessor-version":[{"id":2016,"href":"https:\/\/www.sentinel-max.hu\/index.php?rest_route=\/wp\/v2\/pages\/750\/revisions\/2016"}],"wp:attachment":[{"href":"https:\/\/www.sentinel-max.hu\/index.php?rest_route=%2Fwp%2Fv2%2Fmedia&parent=750"}],"curies":[{"name":"wp","href":"https:\/\/api.w.org\/{rel}","templated":true}]}}