{"id":755,"date":"2018-12-17T10:59:12","date_gmt":"2018-12-17T09:59:12","guid":{"rendered":"http:\/\/www.sentinel-max.hu\/?page_id=755"},"modified":"2025-02-19T16:38:06","modified_gmt":"2025-02-19T15:38:06","slug":"gepjarmukovetes","status":"publish","type":"page","link":"https:\/\/www.sentinel-max.hu\/?page_id=755","title":{"rendered":"G\u00e9pj\u00e1rm\u0171k\u00f6vet\u00e9s"},"content":{"rendered":"\t\t<div data-elementor-type=\"wp-page\" data-elementor-id=\"755\" class=\"elementor elementor-755\">\n\t\t\t\t<div class=\"elementor-element elementor-element-7af8b7c e-con-full e-flex wpr-particle-no wpr-jarallax-no wpr-parallax-no wpr-sticky-section-no wpr-equal-height-no e-con e-parent\" data-id=\"7af8b7c\" data-element_type=\"container\" data-e-type=\"container\">\n\t\t<div class=\"elementor-element elementor-element-3c1ed07 e-flex e-con-boxed wpr-particle-no wpr-jarallax-no wpr-parallax-no wpr-sticky-section-no wpr-equal-height-no e-con e-child\" data-id=\"3c1ed07\" data-element_type=\"container\" data-e-type=\"container\" data-settings=\"{&quot;background_background&quot;:&quot;classic&quot;}\">\n\t\t\t\t\t<div class=\"e-con-inner\">\n\t\t\t\t<div class=\"elementor-element elementor-element-f066e98 elementor-widget-mobile__width-inherit elementor-widget elementor-widget-heading\" data-id=\"f066e98\" data-element_type=\"widget\" data-e-type=\"widget\" data-widget_type=\"heading.default\">\n\t\t\t\t<div class=\"elementor-widget-container\">\n\t\t\t\t\t<h2 class=\"elementor-heading-title elementor-size-default\">G\u00e9pj\u00e1rm\u0171k\u00f6vet\u00e9s<\/h2>\t\t\t\t<\/div>\n\t\t\t\t<\/div>\n\t\t\t\t\t<\/div>\n\t\t\t\t<\/div>\n\t\t\t\t<\/div>\n\t\t<div class=\"elementor-element elementor-element-7ca856d1 e-flex e-con-boxed wpr-particle-no wpr-jarallax-no wpr-parallax-no wpr-sticky-section-no wpr-equal-height-no e-con e-parent\" data-id=\"7ca856d1\" data-element_type=\"container\" data-e-type=\"container\">\n\t\t\t\t\t<div class=\"e-con-inner\">\n\t\t\t\t<div class=\"elementor-element elementor-element-57b4d8b6 elementor-widget elementor-widget-text-editor\" data-id=\"57b4d8b6\" data-element_type=\"widget\" data-e-type=\"widget\" data-widget_type=\"text-editor.default\">\n\t\t\t\t<div class=\"elementor-widget-container\">\n\t\t\t\t\t\t\t\t\t\n<p>2009 \u00f3ta GPS-es flottak\u00f6vet\u0151 \u00e9s g\u00e9pj\u00e1rm\u0171v\u00e9delmi rendszer\u00fcnk is m\u0171k\u00f6dik. A v\u00e9dett j\u00e1rm\u0171 ak\u00e1r 3 m\u00e1sodpercenk\u00e9nt is tud poz\u00edci\u00f3jelz\u00e9seket k\u00fcldeni szerver\u00fcnkre, ami lehet\u0151v\u00e9 teszi a j\u00e1rm\u0171vek folyamatos k\u00f6vet\u00e9s\u00e9t, valamint prec\u00edz elektronikus menetlev\u00e9l lek\u00e9r\u00e9s\u00e9t. Ezen k\u00edv\u00fcl k\u00fcl\u00f6nb\u00f6z\u0151 riaszt\u00e1si esem\u00e9nyeket is be tudunk k\u00fcldeni fel\u00fcgyeleti k\u00f6zpontunkba.<\/p>\n\n<p><strong>A GPS rendszer el\u0151nyei:<\/strong><\/p>\n\n<p>Online \u00e9l\u0151 nyomk\u00f6vet\u00e9s, \u00fatvonal-nyilv\u00e1ntart\u00e1s, mag\u00e1nhaszn\u00e1lat illetve feketemunk\u00e1k kisz\u0171r\u00e9se. J\u00e1rm\u0171v\u00e9delem, teljes \u00fczemanyag kontroll, munkaid\u0151 nyilv\u00e1ntart\u00e1s, \u00e1r\u00fav\u00e9delem. Val\u00f3s idej\u0171 nyomk\u00f6vet\u00e9s, pontos k\u00e9p a flotta aktu\u00e1lis helyzet\u00e9r\u0151l \u00e9s a m\u00faltb\u00e9li esem\u00e9nyekr\u0151l, \u00fczemanyag-megtakar\u00edt\u00e1s tankol\u00e1sok regisztr\u00e1l\u00e1s\u00e1val \u00e9s a fogyaszt\u00e1si norm\u00e1k ellen\u0151rz\u00e9s\u00e9vel. A rendszer a vil\u00e1gon b\u00e1rhonnan el\u00e9rhet\u0151 az Interneten kereszt\u00fcl. \u00dczemeltet\u00e9se olcs\u00f3, mivel az nem ig\u00e9nyel informatikai beruh\u00e1z\u00e1st, illetve \u00fczemeltet\u0151 szem\u00e9lyzetet. Olcs\u00f3 fenntart\u00e1si k\u00f6lts\u00e9g a GPRS adatkapcsolat miatt.<\/p>\n\n<p>Szinte folyamatos nyomk\u00f6vet\u00e9s 5m-es pontoss\u00e1ggal, online kapcsolat seg\u00edts\u00e9g\u00e9vel. Bizonyos esetekben ak\u00e1r 40 m\u00e1sodperces id\u0151k\u00f6z\u00f6nk\u00e9nti poz\u00edci\u00f3k\u00f6vet\u00e9s. 6 digit\u00e1lis be \u00e9s kimenet plusz k\u00e9t anal\u00f3g bemenet \u00fczemanyag, rakt\u00e9rh\u0151m\u00e9rs\u00e9klet vagy egy\u00e9b v\u00e1ltoz\u00f3 \u00e9rt\u00e9kek figyel\u00e9s\u00e9re. Teljesen kompakt egys\u00e9g vand\u00e1l biztos f\u00e9m h\u00e1zban saj\u00e1t be\u00e9p\u00edtett akkumul\u00e1torral, mellyel ak\u00e1r 14 \u00f3r\u00e1t is m\u0171k\u00f6dik az aut\u00f3 akkumul\u00e1tor\u00e1nak elt\u00e1vol\u00edt\u00e1sa ut\u00e1n. Utcaszint\u0171 Magyarorsz\u00e1g \u00e9s Eur\u00f3pa t\u00e9rk\u00e9p melyet folyamatosan friss\u00edt\u00fcnk. Programozhat\u00f3 rabl\u00e1sg\u00e1tl\u00e1s funkci\u00f3. Amikor \u00f6n az aut\u00f3 k\u00f6zel\u00e9ben van zseb\u00e9ben a megfelel\u0151 azonos\u00edt\u00f3 ad\u00f3val az egys\u00e9g hat\u00e1stalan az aut\u00f3 ind\u00edthat\u00f3, ha azonban az aut\u00f3 elt\u00e1volodik \u00f6nt\u0151l az egys\u00e9g m\u0171k\u00f6d\u00e9sbe l\u00e9p \u00e9s programoz\u00e1st\u00f3l f\u00fcgg\u0151en vagy \u00e9rtes\u00edti a diszp\u00e9cserszolg\u00e1latot vagy le\u00e1ll\u00edtja az aut\u00f3t.<\/p>\n\t\t\t\t\t\t\t\t<\/div>\n\t\t\t\t<\/div>\n\t\t\t\t\t<\/div>\n\t\t\t\t<\/div>\n\t\t\t\t<\/div>\n\t\t","protected":false},"excerpt":{"rendered":"<p>G\u00e9pj\u00e1rm\u0171k\u00f6vet\u00e9s 2009 \u00f3ta GPS-es flottak\u00f6vet\u0151 \u00e9s g\u00e9pj\u00e1rm\u0171v\u00e9delmi rendszer\u00fcnk is m\u0171k\u00f6dik. A v\u00e9dett j\u00e1rm\u0171 ak\u00e1r 3 m\u00e1sodpercenk\u00e9nt is tud poz\u00edci\u00f3jelz\u00e9seket k\u00fcldeni szerver\u00fcnkre, ami lehet\u0151v\u00e9 teszi a j\u00e1rm\u0171vek folyamatos k\u00f6vet\u00e9s\u00e9t, valamint prec\u00edz elektronikus menetlev\u00e9l lek\u00e9r\u00e9s\u00e9t. Ezen k\u00edv\u00fcl k\u00fcl\u00f6nb\u00f6z\u0151 riaszt\u00e1si esem\u00e9nyeket is be tudunk k\u00fcldeni fel\u00fcgyeleti k\u00f6zpontunkba. A GPS rendszer el\u0151nyei: Online \u00e9l\u0151 nyomk\u00f6vet\u00e9s, \u00fatvonal-nyilv\u00e1ntart\u00e1s, mag\u00e1nhaszn\u00e1lat illetve feketemunk\u00e1k kisz\u0171r\u00e9se. J\u00e1rm\u0171v\u00e9delem, teljes \u00fczemanyag kontroll, munkaid\u0151 nyilv\u00e1ntart\u00e1s, \u00e1r\u00fav\u00e9delem. Val\u00f3s idej\u0171 nyomk\u00f6vet\u00e9s, pontos k\u00e9p a flotta aktu\u00e1lis helyzet\u00e9r\u0151l \u00e9s a m\u00faltb\u00e9li esem\u00e9nyekr\u0151l, \u00fczemanyag-megtakar\u00edt\u00e1s tankol\u00e1sok regisztr\u00e1l\u00e1s\u00e1val \u00e9s a fogyaszt\u00e1si norm\u00e1k ellen\u0151rz\u00e9s\u00e9vel. A rendszer a vil\u00e1gon b\u00e1rhonnan el\u00e9rhet\u0151 az Interneten kereszt\u00fcl. \u00dczemeltet\u00e9se olcs\u00f3, mivel az nem ig\u00e9nyel informatikai beruh\u00e1z\u00e1st, illetve \u00fczemeltet\u0151 szem\u00e9lyzetet. Olcs\u00f3 fenntart\u00e1si k\u00f6lts\u00e9g a GPRS adatkapcsolat miatt. Szinte folyamatos nyomk\u00f6vet\u00e9s 5m-es pontoss\u00e1ggal, online kapcsolat seg\u00edts\u00e9g\u00e9vel. Bizonyos esetekben ak\u00e1r 40 m\u00e1sodperces id\u0151k\u00f6z\u00f6nk\u00e9nti poz\u00edci\u00f3k\u00f6vet\u00e9s. 6 digit\u00e1lis be \u00e9s kimenet plusz k\u00e9t anal\u00f3g bemenet \u00fczemanyag, rakt\u00e9rh\u0151m\u00e9rs\u00e9klet vagy egy\u00e9b v\u00e1ltoz\u00f3 \u00e9rt\u00e9kek figyel\u00e9s\u00e9re. Teljesen kompakt egys\u00e9g vand\u00e1l biztos f\u00e9m h\u00e1zban saj\u00e1t be\u00e9p\u00edtett akkumul\u00e1torral, mellyel ak\u00e1r 14 \u00f3r\u00e1t is m\u0171k\u00f6dik az aut\u00f3 akkumul\u00e1tor\u00e1nak elt\u00e1vol\u00edt\u00e1sa ut\u00e1n. Utcaszint\u0171 Magyarorsz\u00e1g \u00e9s Eur\u00f3pa t\u00e9rk\u00e9p melyet folyamatosan friss\u00edt\u00fcnk. Programozhat\u00f3 rabl\u00e1sg\u00e1tl\u00e1s funkci\u00f3. Amikor \u00f6n az aut\u00f3 k\u00f6zel\u00e9ben van zseb\u00e9ben a megfelel\u0151 azonos\u00edt\u00f3 ad\u00f3val az egys\u00e9g hat\u00e1stalan az aut\u00f3 ind\u00edthat\u00f3, ha azonban az aut\u00f3 elt\u00e1volodik \u00f6nt\u0151l az egys\u00e9g m\u0171k\u00f6d\u00e9sbe l\u00e9p \u00e9s programoz\u00e1st\u00f3l f\u00fcgg\u0151en vagy \u00e9rtes\u00edti a diszp\u00e9cserszolg\u00e1latot vagy le\u00e1ll\u00edtja az aut\u00f3t.<\/p>\n","protected":false},"author":1,"featured_media":0,"parent":0,"menu_order":0,"comment_status":"closed","ping_status":"closed","template":"elementor_canvas","meta":{"_themeisle_gutenberg_block_has_review":false,"footnotes":""},"class_list":["post-755","page","type-page","status-publish","hentry"],"_links":{"self":[{"href":"https:\/\/www.sentinel-max.hu\/index.php?rest_route=\/wp\/v2\/pages\/755","targetHints":{"allow":["GET"]}}],"collection":[{"href":"https:\/\/www.sentinel-max.hu\/index.php?rest_route=\/wp\/v2\/pages"}],"about":[{"href":"https:\/\/www.sentinel-max.hu\/index.php?rest_route=\/wp\/v2\/types\/page"}],"author":[{"embeddable":true,"href":"https:\/\/www.sentinel-max.hu\/index.php?rest_route=\/wp\/v2\/users\/1"}],"replies":[{"embeddable":true,"href":"https:\/\/www.sentinel-max.hu\/index.php?rest_route=%2Fwp%2Fv2%2Fcomments&post=755"}],"version-history":[{"count":22,"href":"https:\/\/www.sentinel-max.hu\/index.php?rest_route=\/wp\/v2\/pages\/755\/revisions"}],"predecessor-version":[{"id":2094,"href":"https:\/\/www.sentinel-max.hu\/index.php?rest_route=\/wp\/v2\/pages\/755\/revisions\/2094"}],"wp:attachment":[{"href":"https:\/\/www.sentinel-max.hu\/index.php?rest_route=%2Fwp%2Fv2%2Fmedia&parent=755"}],"curies":[{"name":"wp","href":"https:\/\/api.w.org\/{rel}","templated":true}]}}