{"id":8,"date":"2024-12-28T15:19:12","date_gmt":"2024-12-28T14:19:12","guid":{"rendered":"https:\/\/demosites.royal-elementor-addons.com\/personal-coach-v1\/?page_id=8"},"modified":"2025-02-19T16:33:33","modified_gmt":"2025-02-19T15:33:33","slug":"coaching","status":"publish","type":"page","link":"https:\/\/www.sentinel-max.hu\/?page_id=8","title":{"rendered":"C\u00e9g\u00fcnkr\u0151l"},"content":{"rendered":"\t\t<div data-elementor-type=\"wp-page\" data-elementor-id=\"8\" class=\"elementor elementor-8\">\n\t\t\t\t<div class=\"elementor-element elementor-element-34972b6 e-con-full e-flex wpr-particle-no wpr-jarallax-no wpr-parallax-no wpr-sticky-section-no wpr-equal-height-no e-con e-parent\" data-id=\"34972b6\" data-element_type=\"container\" data-e-type=\"container\">\n\t\t<div class=\"elementor-element elementor-element-b862157 e-flex e-con-boxed wpr-particle-no wpr-jarallax-no wpr-parallax-no wpr-sticky-section-no wpr-equal-height-no e-con e-child\" data-id=\"b862157\" data-element_type=\"container\" data-e-type=\"container\" data-settings=\"{&quot;background_background&quot;:&quot;classic&quot;}\">\n\t\t\t\t\t<div class=\"e-con-inner\">\n\t\t\t\t<div class=\"elementor-element elementor-element-b743ac7 elementor-widget elementor-widget-heading\" data-id=\"b743ac7\" data-element_type=\"widget\" data-e-type=\"widget\" data-widget_type=\"heading.default\">\n\t\t\t\t<div class=\"elementor-widget-container\">\n\t\t\t\t\t<h2 class=\"elementor-heading-title elementor-size-default\">C\u00e9g\u00fcnkr\u0151l<\/h2>\t\t\t\t<\/div>\n\t\t\t\t<\/div>\n\t\t\t\t\t<\/div>\n\t\t\t\t<\/div>\n\t\t\t\t<\/div>\n\t\t<div class=\"elementor-element elementor-element-463dc08 e-flex e-con-boxed wpr-particle-no wpr-jarallax-no wpr-parallax-no wpr-sticky-section-no wpr-equal-height-no e-con e-parent\" data-id=\"463dc08\" data-element_type=\"container\" data-e-type=\"container\">\n\t\t\t\t\t<div class=\"e-con-inner\">\n\t\t\t\t<div class=\"elementor-element elementor-element-08c5d0f elementor-widget elementor-widget-heading\" data-id=\"08c5d0f\" data-element_type=\"widget\" data-e-type=\"widget\" data-widget_type=\"heading.default\">\n\t\t\t\t<div class=\"elementor-widget-container\">\n\t\t\t\t\t<h2 class=\"elementor-heading-title elementor-size-default\">Sentinel-Max Vagyonv\u00e9delmi \u00e9s Szolg\u00e1ltat\u00f3 Kft.<\/h2>\t\t\t\t<\/div>\n\t\t\t\t<\/div>\n\t\t<div class=\"elementor-element elementor-element-6604d2e e-grid e-con-full wpr-particle-no wpr-jarallax-no wpr-parallax-no wpr-sticky-section-no wpr-equal-height-no e-con e-child\" data-id=\"6604d2e\" data-element_type=\"container\" data-e-type=\"container\">\n\t\t\t\t<div class=\"elementor-element elementor-element-21911dd elementor-widget elementor-widget-text-editor\" data-id=\"21911dd\" data-element_type=\"widget\" data-e-type=\"widget\" data-widget_type=\"text-editor.default\">\n\t\t\t\t<div class=\"elementor-widget-container\">\n\t\t\t\t\t\t\t\t\t<p><strong>Sentinel-Max Vagyonv\u00e9delmi \u00e9s Szolg\u00e1ltat\u00f3 Kft.<\/strong><\/p><p>C\u00e9g\u00fcnk 1999-ben alakult el\u0151t\u00e1rass\u00e1gk\u00e9nt. Tulajdonosai a rendv\u00e9delmi szervekn\u00e9l szerzett \u00e9vtizedes ismeretek \u00e9s tapasztalatok birtok\u00e1ban alap\u00edtott\u00e1k.<\/p>\t\t\t\t\t\t\t\t<\/div>\n\t\t\t\t<\/div>\n\t\t\t\t<div class=\"elementor-element elementor-element-82ef5af elementor-icon-list--layout-traditional elementor-list-item-link-full_width elementor-widget elementor-widget-icon-list\" data-id=\"82ef5af\" data-element_type=\"widget\" data-e-type=\"widget\" data-widget_type=\"icon-list.default\">\n\t\t\t\t<div class=\"elementor-widget-container\">\n\t\t\t\t\t\t\t<ul class=\"elementor-icon-list-items\">\n\t\t\t\t\t\t\t<li class=\"elementor-icon-list-item\">\n\t\t\t\t\t\t\t\t\t\t\t<span class=\"elementor-icon-list-icon\">\n\t\t\t\t\t\t\t<svg aria-hidden=\"true\" class=\"e-font-icon-svg e-fas-map-marker-alt\" viewBox=\"0 0 384 512\" xmlns=\"http:\/\/www.w3.org\/2000\/svg\"><path d=\"M172.268 501.67C26.97 291.031 0 269.413 0 192 0 85.961 85.961 0 192 0s192 85.961 192 192c0 77.413-26.97 99.031-172.268 309.67-9.535 13.774-29.93 13.773-39.464 0zM192 272c44.183 0 80-35.817 80-80s-35.817-80-80-80-80 35.817-80 80 35.817 80 80 80z\"><\/path><\/svg>\t\t\t\t\t\t<\/span>\n\t\t\t\t\t\t\t\t\t\t<span class=\"elementor-icon-list-text\">C\u00edm- Telephely: 2330 Dunaharaszti, Szent Istv\u00e1n utca 2.<\/span>\n\t\t\t\t\t\t\t\t\t<\/li>\n\t\t\t\t\t\t\t\t<li class=\"elementor-icon-list-item\">\n\t\t\t\t\t\t\t\t\t\t\t<span class=\"elementor-icon-list-icon\">\n\t\t\t\t\t\t\t<svg aria-hidden=\"true\" class=\"e-font-icon-svg e-fas-phone-alt\" viewBox=\"0 0 512 512\" xmlns=\"http:\/\/www.w3.org\/2000\/svg\"><path d=\"M497.39 361.8l-112-48a24 24 0 0 0-28 6.9l-49.6 60.6A370.66 370.66 0 0 1 130.6 204.11l60.6-49.6a23.94 23.94 0 0 0 6.9-28l-48-112A24.16 24.16 0 0 0 122.6.61l-104 24A24 24 0 0 0 0 48c0 256.5 207.9 464 464 464a24 24 0 0 0 23.4-18.6l24-104a24.29 24.29 0 0 0-14.01-27.6z\"><\/path><\/svg>\t\t\t\t\t\t<\/span>\n\t\t\t\t\t\t\t\t\t\t<span class=\"elementor-icon-list-text\">Telefon: +36 24 537 690\/691<\/span>\n\t\t\t\t\t\t\t\t\t<\/li>\n\t\t\t\t\t\t\t\t<li class=\"elementor-icon-list-item\">\n\t\t\t\t\t\t\t\t\t\t\t<span class=\"elementor-icon-list-icon\">\n\t\t\t\t\t\t\t<svg aria-hidden=\"true\" class=\"e-font-icon-svg e-fas-money-check\" viewBox=\"0 0 640 512\" xmlns=\"http:\/\/www.w3.org\/2000\/svg\"><path d=\"M0 448c0 17.67 14.33 32 32 32h576c17.67 0 32-14.33 32-32V128H0v320zm448-208c0-8.84 7.16-16 16-16h96c8.84 0 16 7.16 16 16v32c0 8.84-7.16 16-16 16h-96c-8.84 0-16-7.16-16-16v-32zm0 120c0-4.42 3.58-8 8-8h112c4.42 0 8 3.58 8 8v16c0 4.42-3.58 8-8 8H456c-4.42 0-8-3.58-8-8v-16zM64 264c0-4.42 3.58-8 8-8h304c4.42 0 8 3.58 8 8v16c0 4.42-3.58 8-8 8H72c-4.42 0-8-3.58-8-8v-16zm0 96c0-4.42 3.58-8 8-8h176c4.42 0 8 3.58 8 8v16c0 4.42-3.58 8-8 8H72c-4.42 0-8-3.58-8-8v-16zM624 32H16C7.16 32 0 39.16 0 48v48h640V48c0-8.84-7.16-16-16-16z\"><\/path><\/svg>\t\t\t\t\t\t<\/span>\n\t\t\t\t\t\t\t\t\t\t<span class=\"elementor-icon-list-text\">Kamarai Azonos\u00edt\u00f3: 1301\/T\/53885\/2006<\/span>\n\t\t\t\t\t\t\t\t\t<\/li>\n\t\t\t\t\t\t\t\t<li class=\"elementor-icon-list-item\">\n\t\t\t\t\t\t\t\t\t\t\t<span class=\"elementor-icon-list-icon\">\n\t\t\t\t\t\t\t<svg aria-hidden=\"true\" class=\"e-font-icon-svg e-fas-money-check\" viewBox=\"0 0 640 512\" xmlns=\"http:\/\/www.w3.org\/2000\/svg\"><path d=\"M0 448c0 17.67 14.33 32 32 32h576c17.67 0 32-14.33 32-32V128H0v320zm448-208c0-8.84 7.16-16 16-16h96c8.84 0 16 7.16 16 16v32c0 8.84-7.16 16-16 16h-96c-8.84 0-16-7.16-16-16v-32zm0 120c0-4.42 3.58-8 8-8h112c4.42 0 8 3.58 8 8v16c0 4.42-3.58 8-8 8H456c-4.42 0-8-3.58-8-8v-16zM64 264c0-4.42 3.58-8 8-8h304c4.42 0 8 3.58 8 8v16c0 4.42-3.58 8-8 8H72c-4.42 0-8-3.58-8-8v-16zm0 96c0-4.42 3.58-8 8-8h176c4.42 0 8 3.58 8 8v16c0 4.42-3.58 8-8 8H72c-4.42 0-8-3.58-8-8v-16zM624 32H16C7.16 32 0 39.16 0 48v48h640V48c0-8.84-7.16-16-16-16z\"><\/path><\/svg>\t\t\t\t\t\t<\/span>\n\t\t\t\t\t\t\t\t\t\t<span class=\"elementor-icon-list-text\">Ad\u00f3sz\u00e1m: 11929152-2-13<\/span>\n\t\t\t\t\t\t\t\t\t<\/li>\n\t\t\t\t\t\t\t\t<li class=\"elementor-icon-list-item\">\n\t\t\t\t\t\t\t\t\t\t\t<span class=\"elementor-icon-list-icon\">\n\t\t\t\t\t\t\t<svg aria-hidden=\"true\" class=\"e-font-icon-svg e-fas-check-circle\" viewBox=\"0 0 512 512\" xmlns=\"http:\/\/www.w3.org\/2000\/svg\"><path d=\"M504 256c0 136.967-111.033 248-248 248S8 392.967 8 256 119.033 8 256 8s248 111.033 248 248zM227.314 387.314l184-184c6.248-6.248 6.248-16.379 0-22.627l-22.627-22.627c-6.248-6.249-16.379-6.249-22.628 0L216 308.118l-70.059-70.059c-6.248-6.248-16.379-6.248-22.628 0l-22.627 22.627c-6.248 6.248-6.248 16.379 0 22.627l104 104c6.249 6.249 16.379 6.249 22.628.001z\"><\/path><\/svg>\t\t\t\t\t\t<\/span>\n\t\t\t\t\t\t\t\t\t\t<span class=\"elementor-icon-list-text\">C\u00e9gjegyz\u00e9ksz\u00e1m: 13-09-083571<\/span>\n\t\t\t\t\t\t\t\t\t<\/li>\n\t\t\t\t\t\t<\/ul>\n\t\t\t\t\t\t<\/div>\n\t\t\t\t<\/div>\n\t\t\t\t<\/div>\n\t\t\t\t<div class=\"elementor-element elementor-element-c51441f elementor-widget elementor-widget-text-editor\" data-id=\"c51441f\" data-element_type=\"widget\" data-e-type=\"widget\" data-widget_type=\"text-editor.default\">\n\t\t\t\t<div class=\"elementor-widget-container\">\n\t\t\t\t\t\t\t\t\t<p>A v\u00e1llalkoz\u00e1s f\u0151 profiljai a 24 \u00f3r\u00e1s t\u00e1vfel\u00fcgyelet (riaszt\u00f3rendszer, t\u0171zjelz\u0151 t\u00e1vfel\u00fcgyelet,vide\u00f3t\u00e1vfel\u00fcgyelet, g\u00e9pj\u00e1rm\u0171 nyomk\u00f6vet\u00e9s GPRS fel\u00fcgyelet) \u00e9s a hozz\u00e1 szorosan kapcsol\u00f3d\u00f3 j\u00e1r\u0151rszolg\u00e1lat, biztons\u00e1gtechnikai rendszerek (riaszt\u00f3, lak\u00e1sriaszt\u00f3, t\u0171zjelz\u0151, megfigyel\u0151-t\u00e9rfigyel\u0151 biztons\u00e1gi kamera, bel\u00e9ptet\u0151,t\u00e1rsash\u00e1zi kaputelefon rendszer) szerel\u00e9s, telep\u00edt\u00e9s, szervizel\u00e9s.<\/p><p>Tev\u00e9kenys\u00e9gi k\u00f6r\u00fcnkbe tartozik a 24 \u00f3r\u00e1s t\u00e1vfel\u00fcgyelet \u00e9s a hozz\u00e1 szorosan kapcsol\u00f3d\u00f3 j\u00e1r\u0151rszolg\u00e1lat, biztons\u00e1gtechnikai rendszerek tervez\u00e9se, telep\u00edt\u00e9se, karbantart\u00e1sa \u00e9s jav\u00edt\u00e1sa.<br \/>Tev\u00e9kenys\u00e9gi k\u00f6r\u00fcnkbe tartozik l\u00e9tes\u00edtm\u00e9nyek, beruh\u00e1z\u00e1sok \u00e9s k\u00fcl\u00f6nb\u00f6z\u0151 objektumok szem\u00e9ly- \u00e9s vagyonv\u00e9delmi feladatainak ell\u00e1t\u00e1sa, valamint portaszolg\u00e1lati feladatok teljes\u00edt\u00e9se.<br \/>K\u00f6zpontunkban sz\u00e1m\u00edt\u00f3g\u00e9p r\u00f6gz\u00edti a bej\u00f6v\u0151 jelz\u00e9seket \u00e9s diszp\u00e9cser\u00fcnk pontos utas\u00edt\u00e1sai alapj\u00e1n a kik\u00e9pzett j\u00e1r\u0151reink a riaszt\u00e1s ut\u00e1n n\u00e9h\u00e1ny percen bel\u00fcl a helysz\u00ednre, \u00e9rkeznek.<br \/>A bej\u00f6v\u0151 jelz\u00e9seket az NMHH \u00e1ltal enged\u00e9lyezett r\u00e1di\u00f3val, saj\u00e1t frekvenci\u00e1nkon, vagy GPRS VPN kapcsolaton tudjuk fogadni.<br \/>Riaszt\u00f3rendszereink MABISZ enged\u00e9llyel rendelkeznek.<br \/>A t\u00e1rsas\u00e1gunkn\u00e1l szolg\u00e1latot teljes\u00edt\u0151 j\u00e1r\u0151r\u00f6k \u00e9s biztons\u00e1gi \u0151r\u00f6k k\u00e9pzett b\u0171n\u00fcgyi, vagyonv\u00e9delmi szak\u00e9rtelemmel, \u00e9s ezt igazol\u00f3 hat\u00f3s\u00e1gi okm\u00e1nyokkal rendelkez\u0151 szem\u00e9ly \u00e9s vagyon\u0151r\u00f6k.<br \/>Szolg\u00e1ltat\u00e1sainkat a Generali Providencia Biztos\u00edt\u00f3 Zrt. biztos\u00edtja.<br \/>C\u00e9lunk \u00fcgyfeleink biztons\u00e1g \u00e9rzet\u00e9nek, \u00e9s nyugalm\u00e1nak n\u00f6vel\u00e9se. Ez\u00e9rt pr\u00f3b\u00e1lunk olyan szolg\u00e1ltat\u00e1st ny\u00fajtani, mely \u00fcgyfeleink ig\u00e9nyeinek \u00e9s lehet\u0151s\u00e9geinek a legjobban megfelel.<\/p>\t\t\t\t\t\t\t\t<\/div>\n\t\t\t\t<\/div>\n\t\t\t\t<div class=\"elementor-element elementor-element-bde8f6f elementor-widget elementor-widget-text-editor\" data-id=\"bde8f6f\" data-element_type=\"widget\" data-e-type=\"widget\" data-widget_type=\"text-editor.default\">\n\t\t\t\t<div class=\"elementor-widget-container\">\n\t\t\t\t\t\t\t\t\t<p>Tisztelettel,<br \/><strong>De\u00e1k K\u00e1lm\u00e1n<\/strong><br \/>\u00fcgyvezet\u0151 igazgat\u00f3<\/p>\t\t\t\t\t\t\t\t<\/div>\n\t\t\t\t<\/div>\n\t\t\t\t\t<\/div>\n\t\t\t\t<\/div>\n\t\t\t\t<\/div>\n\t\t","protected":false},"excerpt":{"rendered":"<p>C\u00e9g\u00fcnkr\u0151l Sentinel-Max Vagyonv\u00e9delmi \u00e9s Szolg\u00e1ltat\u00f3 Kft. Sentinel-Max Vagyonv\u00e9delmi \u00e9s Szolg\u00e1ltat\u00f3 Kft. C\u00e9g\u00fcnk 1999-ben alakult el\u0151t\u00e1rass\u00e1gk\u00e9nt. Tulajdonosai a rendv\u00e9delmi szervekn\u00e9l szerzett \u00e9vtizedes ismeretek \u00e9s tapasztalatok birtok\u00e1ban alap\u00edtott\u00e1k. C\u00edm- Telephely: 2330 Dunaharaszti, Szent Istv\u00e1n utca 2. Telefon: +36 24 537 690\/691 Kamarai Azonos\u00edt\u00f3: 1301\/T\/53885\/2006 Ad\u00f3sz\u00e1m: 11929152-2-13 C\u00e9gjegyz\u00e9ksz\u00e1m: 13-09-083571 A v\u00e1llalkoz\u00e1s f\u0151 profiljai a 24 \u00f3r\u00e1s t\u00e1vfel\u00fcgyelet (riaszt\u00f3rendszer, t\u0171zjelz\u0151 t\u00e1vfel\u00fcgyelet,vide\u00f3t\u00e1vfel\u00fcgyelet, g\u00e9pj\u00e1rm\u0171 nyomk\u00f6vet\u00e9s GPRS fel\u00fcgyelet) \u00e9s a hozz\u00e1 szorosan kapcsol\u00f3d\u00f3 j\u00e1r\u0151rszolg\u00e1lat, biztons\u00e1gtechnikai rendszerek (riaszt\u00f3, lak\u00e1sriaszt\u00f3, t\u0171zjelz\u0151, megfigyel\u0151-t\u00e9rfigyel\u0151 biztons\u00e1gi kamera, bel\u00e9ptet\u0151,t\u00e1rsash\u00e1zi kaputelefon rendszer) szerel\u00e9s, telep\u00edt\u00e9s, szervizel\u00e9s. Tev\u00e9kenys\u00e9gi k\u00f6r\u00fcnkbe tartozik a 24 \u00f3r\u00e1s t\u00e1vfel\u00fcgyelet \u00e9s a hozz\u00e1 szorosan kapcsol\u00f3d\u00f3 j\u00e1r\u0151rszolg\u00e1lat, biztons\u00e1gtechnikai rendszerek tervez\u00e9se, telep\u00edt\u00e9se, karbantart\u00e1sa \u00e9s jav\u00edt\u00e1sa.Tev\u00e9kenys\u00e9gi k\u00f6r\u00fcnkbe tartozik l\u00e9tes\u00edtm\u00e9nyek, beruh\u00e1z\u00e1sok \u00e9s k\u00fcl\u00f6nb\u00f6z\u0151 objektumok szem\u00e9ly- \u00e9s vagyonv\u00e9delmi feladatainak ell\u00e1t\u00e1sa, valamint portaszolg\u00e1lati feladatok teljes\u00edt\u00e9se.K\u00f6zpontunkban sz\u00e1m\u00edt\u00f3g\u00e9p r\u00f6gz\u00edti a bej\u00f6v\u0151 jelz\u00e9seket \u00e9s diszp\u00e9cser\u00fcnk pontos utas\u00edt\u00e1sai alapj\u00e1n a kik\u00e9pzett j\u00e1r\u0151reink a riaszt\u00e1s ut\u00e1n n\u00e9h\u00e1ny percen bel\u00fcl a helysz\u00ednre, \u00e9rkeznek.A bej\u00f6v\u0151 jelz\u00e9seket az NMHH \u00e1ltal enged\u00e9lyezett r\u00e1di\u00f3val, saj\u00e1t frekvenci\u00e1nkon, vagy GPRS VPN kapcsolaton tudjuk fogadni.Riaszt\u00f3rendszereink MABISZ enged\u00e9llyel rendelkeznek.A t\u00e1rsas\u00e1gunkn\u00e1l szolg\u00e1latot teljes\u00edt\u0151 j\u00e1r\u0151r\u00f6k \u00e9s biztons\u00e1gi \u0151r\u00f6k k\u00e9pzett b\u0171n\u00fcgyi, vagyonv\u00e9delmi szak\u00e9rtelemmel, \u00e9s ezt igazol\u00f3 hat\u00f3s\u00e1gi okm\u00e1nyokkal rendelkez\u0151 szem\u00e9ly \u00e9s vagyon\u0151r\u00f6k.Szolg\u00e1ltat\u00e1sainkat a Generali Providencia Biztos\u00edt\u00f3 Zrt. biztos\u00edtja.C\u00e9lunk \u00fcgyfeleink biztons\u00e1g \u00e9rzet\u00e9nek, \u00e9s nyugalm\u00e1nak n\u00f6vel\u00e9se. Ez\u00e9rt pr\u00f3b\u00e1lunk olyan szolg\u00e1ltat\u00e1st ny\u00fajtani, mely \u00fcgyfeleink ig\u00e9nyeinek \u00e9s lehet\u0151s\u00e9geinek a legjobban megfelel. Tisztelettel,De\u00e1k K\u00e1lm\u00e1n\u00fcgyvezet\u0151 igazgat\u00f3<\/p>\n","protected":false},"author":1,"featured_media":0,"parent":0,"menu_order":0,"comment_status":"closed","ping_status":"closed","template":"elementor_canvas","meta":{"_themeisle_gutenberg_block_has_review":false,"footnotes":""},"class_list":["post-8","page","type-page","status-publish","hentry"],"_links":{"self":[{"href":"https:\/\/www.sentinel-max.hu\/index.php?rest_route=\/wp\/v2\/pages\/8","targetHints":{"allow":["GET"]}}],"collection":[{"href":"https:\/\/www.sentinel-max.hu\/index.php?rest_route=\/wp\/v2\/pages"}],"about":[{"href":"https:\/\/www.sentinel-max.hu\/index.php?rest_route=\/wp\/v2\/types\/page"}],"author":[{"embeddable":true,"href":"https:\/\/www.sentinel-max.hu\/index.php?rest_route=\/wp\/v2\/users\/1"}],"replies":[{"embeddable":true,"href":"https:\/\/www.sentinel-max.hu\/index.php?rest_route=%2Fwp%2Fv2%2Fcomments&post=8"}],"version-history":[{"count":12,"href":"https:\/\/www.sentinel-max.hu\/index.php?rest_route=\/wp\/v2\/pages\/8\/revisions"}],"predecessor-version":[{"id":2091,"href":"https:\/\/www.sentinel-max.hu\/index.php?rest_route=\/wp\/v2\/pages\/8\/revisions\/2091"}],"wp:attachment":[{"href":"https:\/\/www.sentinel-max.hu\/index.php?rest_route=%2Fwp%2Fv2%2Fmedia&parent=8"}],"curies":[{"name":"wp","href":"https:\/\/api.w.org\/{rel}","templated":true}]}}